{"id":21,"date":"2022-11-24T09:58:23","date_gmt":"2022-11-24T09:58:23","guid":{"rendered":"https:\/\/aageruphave.dk\/?page_id=21"},"modified":"2023-10-03T16:59:54","modified_gmt":"2023-10-03T16:59:54","slug":"hvor-hjerterum-er-leverum","status":"publish","type":"page","link":"https:\/\/aageruphave.dk\/?page_id=21","title":{"rendered":"Hvor hjerterum er leverum"},"content":{"rendered":"\n<p>Visionen med \u00c5gerup Have er at skabe et nyt levende landsbykvarter, som er i t\u00e6t kontakt med naturen og som inspirerer til at m\u00f8des og danne f\u00e6llesskaber.<\/p>\n\n\n\n<p>\u00c5gerup Have er organiseret med det m\u00e5l at f\u00e5 mennesker til at m\u00f8des i b\u00e5de sm\u00e5 og store f\u00e6llesskaber \u2013 for at skabe et trygt og godt liv. I \u00c5gerup Have vil man opleve, at der altid er noget p\u00e5 f\u00e6rde \u2013 enten i det gr\u00f8nne hjerterum midt i bebyggelsen, i f\u00e6lleshuset eller de sm\u00e5 omr\u00e5der rundt imellem husene.<\/p>\n\n\n\n<figure class=\"wp-block-image size-large\"><img loading=\"lazy\" decoding=\"async\" width=\"1024\" height=\"160\" src=\"https:\/\/aageruphave.dk\/wp-content\/uploads\/2022\/11\/Tegning-1-1024x160.jpg\" alt=\"Her er plads og rum til f\u00e6llesskaber, hvor ensomhed modvirkes og livsgl\u00e6den blomstrer for alle beboere.\" class=\"wp-image-22\" srcset=\"https:\/\/aageruphave.dk\/wp-content\/uploads\/2022\/11\/Tegning-1-1024x160.jpg 1024w, https:\/\/aageruphave.dk\/wp-content\/uploads\/2022\/11\/Tegning-1-300x47.jpg 300w, https:\/\/aageruphave.dk\/wp-content\/uploads\/2022\/11\/Tegning-1-768x120.jpg 768w, https:\/\/aageruphave.dk\/wp-content\/uploads\/2022\/11\/Tegning-1-1536x241.jpg 1536w, https:\/\/aageruphave.dk\/wp-content\/uploads\/2022\/11\/Tegning-1-2048x321.jpg 2048w\" sizes=\"auto, (max-width: 767px) 89vw, (max-width: 1000px) 54vw, (max-width: 1071px) 543px, 580px\" \/><figcaption class=\"wp-element-caption\">Her er plads og rum til f\u00e6llesskaber, hvor ensomhed modvirkes og livsgl\u00e6den blomstrer for alle beboere.<\/figcaption><\/figure>\n\n\n\n<p>Traditionelt har landsbyer v\u00e6ret centreret om et gadek\u00e6r. Det er \u00c5gerup Have ogs\u00e5, hvor en lille lavning fungerer som s\u00f8, og v\u00e6ksthuset og frugttr\u00e6erne danner et naturligt midtpunkt for udelivet. Her passerer man hinanden, m\u00f8des over en snak om, hvad der r\u00f8r sig, samles om sp\u00e6ndende aktiviteter i f\u00e6lleshuset og skaber gl\u00e6de ved f\u00e6lles pasning af de \u00f8kologiske gr\u00f8ntsager i v\u00e6ksthuset.<\/p>\n\n\n\n<p>Som et senioregnet bof\u00e6llesskab (45+) bringer arkitekturen og det omgivende landskab naturen og det gode naboskab ind i hver enkelt beboers liv. De smukt komponerede facader, den energivenlige opbygning med varmepumper og solceller g\u00f8r boligen ekstremt billig at opvarme og de gr\u00f8nne omr\u00e5der passes af f\u00e6llesskabet, hvor enhver kan yde efter lyst og evne.<\/p>\n\n\n\n<p>I \u00c5gerup Have lever og bor man t\u00e6t p\u00e5 naturen, himlen, fuglenes kvidren og biernes summen. Man m\u00e6rker tydeligt \u00e5rets gang p\u00e5 farverne i landskabet og vandet i lavningen. Her leves i takt med naturen.<\/p>\n\n\n\n<figure class=\"wp-block-image size-large\"><img loading=\"lazy\" decoding=\"async\" width=\"1024\" height=\"517\" src=\"https:\/\/aageruphave.dk\/wp-content\/uploads\/2022\/11\/Billedcollage-1-1024x517.jpg\" alt=\"Inspiration: Naturkilerne skaber sammenh\u00e6ng mellem bebyggelsen og hjerterummet.\" class=\"wp-image-23\" srcset=\"https:\/\/aageruphave.dk\/wp-content\/uploads\/2022\/11\/Billedcollage-1-1024x517.jpg 1024w, https:\/\/aageruphave.dk\/wp-content\/uploads\/2022\/11\/Billedcollage-1-300x151.jpg 300w, https:\/\/aageruphave.dk\/wp-content\/uploads\/2022\/11\/Billedcollage-1-768x388.jpg 768w, https:\/\/aageruphave.dk\/wp-content\/uploads\/2022\/11\/Billedcollage-1-1536x775.jpg 1536w, https:\/\/aageruphave.dk\/wp-content\/uploads\/2022\/11\/Billedcollage-1-2048x1033.jpg 2048w\" sizes=\"auto, (max-width: 767px) 89vw, (max-width: 1000px) 54vw, (max-width: 1071px) 543px, 580px\" \/><figcaption class=\"wp-element-caption\">Inspiration: Naturkilerne skaber sammenh\u00e6ng mellem bebyggelsen og hjerterummet.<\/figcaption><\/figure>\n\n\n\n<hr class=\"wp-block-separator has-alpha-channel-opacity\"\/>\n\n\n\n<p><strong>Seniorbof\u00e6llesskaber giver \u00f8get livskvalitet<\/strong><br>&#8220;Den stigende interesse for seniorboliger skyldes grundl\u00e6ggende, at mange seniorer overvejer at flytte fra den bolig, som har dannet rammen om familieliv og b\u00f8rn. De vil gerne have f\u00e6rre forpligtelser og mindre arbejde med have og vedligeholdelse. Nogle vil have mindre plads, fordi b\u00f8rnene er flyttet hjemmefra.&#8221;<br>&#8220;Mange \u00f8nsker dog et \u00f8get fokus p\u00e5 f\u00e6llesskabet. Vi ser, at f\u00e6llesskabet i bof\u00e6llesskaberne kan v\u00e6re med til at styrke  livskvaliteten, f.eks. ved at \u00f8ge trygheden og bidrage til at bek\u00e6mpe ensomhed, der ellers rammer en del \u00e6ldre, ikke mindst enlige. En unders\u00f8gelse udarbejdet af Realdania viser da ogs\u00e5, at 91 % af beboerne i seniorbof\u00e6llesskaber oplever \u00f8get livskvalitet, mens de ogs\u00e5 har et markant mindre behov for offentlig hj\u00e6lp og pleje end j\u00e6vnaldrende. Det kan tolkes som et resultat af, at de \u00e6ldre er i stand til at hj\u00e6lpe hinanden med daglige g\u00f8rem\u00e5l og i mindre grad har behov for pleje fra det offentlige.&#8221;<br><em>Joseph Alberti, Head of Research i EDC Erhverv Poul Erik Bech<\/em><\/p>\n","protected":false},"excerpt":{"rendered":"<p>Visionen med \u00c5gerup Have er at skabe et nyt levende landsbykvarter, som er i t\u00e6t kontakt med naturen og som inspirerer til at m\u00f8des og danne f\u00e6llesskaber. \u00c5gerup Have er organiseret med det m\u00e5l at f\u00e5 mennesker til at m\u00f8des i b\u00e5de sm\u00e5 og store f\u00e6llesskaber \u2013 for at skabe et trygt og godt liv. &hellip; <\/p>\n<p class=\"link-more\"><a href=\"https:\/\/aageruphave.dk\/?page_id=21\" class=\"more-link\">L\u00e6s videre<span class=\"screen-reader-text\"> &#8220;Hvor hjerterum er leverum&#8221;<\/span><\/a><\/p>\n","protected":false},"author":1,"featured_media":0,"parent":0,"menu_order":0,"comment_status":"closed","ping_status":"closed","template":"","meta":{"footnotes":""},"class_list":["post-21","page","type-page","status-publish","hentry"],"_links":{"self":[{"href":"https:\/\/aageruphave.dk\/index.php?rest_route=\/wp\/v2\/pages\/21","targetHints":{"allow":["GET"]}}],"collection":[{"href":"https:\/\/aageruphave.dk\/index.php?rest_route=\/wp\/v2\/pages"}],"about":[{"href":"https:\/\/aageruphave.dk\/index.php?rest_route=\/wp\/v2\/types\/page"}],"author":[{"embeddable":true,"href":"https:\/\/aageruphave.dk\/index.php?rest_route=\/wp\/v2\/users\/1"}],"replies":[{"embeddable":true,"href":"https:\/\/aageruphave.dk\/index.php?rest_route=%2Fwp%2Fv2%2Fcomments&post=21"}],"version-history":[{"count":5,"href":"https:\/\/aageruphave.dk\/index.php?rest_route=\/wp\/v2\/pages\/21\/revisions"}],"predecessor-version":[{"id":422,"href":"https:\/\/aageruphave.dk\/index.php?rest_route=\/wp\/v2\/pages\/21\/revisions\/422"}],"wp:attachment":[{"href":"https:\/\/aageruphave.dk\/index.php?rest_route=%2Fwp%2Fv2%2Fmedia&parent=21"}],"curies":[{"name":"wp","href":"https:\/\/api.w.org\/{rel}","templated":true}]}}