{"id":32,"date":"2022-11-24T11:06:22","date_gmt":"2022-11-24T11:06:22","guid":{"rendered":"https:\/\/aageruphave.dk\/?page_id=32"},"modified":"2025-03-19T10:21:40","modified_gmt":"2025-03-19T09:21:40","slug":"boligerne","status":"publish","type":"page","link":"https:\/\/aageruphave.dk\/?page_id=32","title":{"rendered":"Boligerne"},"content":{"rendered":"\n<p>De enkelte boliger er store nok til at rumme \u00e9n eller to beboere, og p\u00e5 den store hems er der god plads til b\u00f8rneb\u00f8rnenes leg og sovepladser. Alternativt kan det benyttes som indend\u00f8rs pulterrum.<\/p>\n\n\n\n<figure class=\"wp-block-image size-large\"><img loading=\"lazy\" decoding=\"async\" width=\"991\" height=\"1080\" src=\"https:\/\/aageruphave.dk\/wp-content\/uploads\/2025\/03\/Oversigtskort-med-husnumre-og-P-pladser-Marts-2025-2-991x1080.png\" alt=\"\" class=\"wp-image-669\" srcset=\"https:\/\/aageruphave.dk\/wp-content\/uploads\/2025\/03\/Oversigtskort-med-husnumre-og-P-pladser-Marts-2025-2-991x1080.png 991w, https:\/\/aageruphave.dk\/wp-content\/uploads\/2025\/03\/Oversigtskort-med-husnumre-og-P-pladser-Marts-2025-2-275x300.png 275w, https:\/\/aageruphave.dk\/wp-content\/uploads\/2025\/03\/Oversigtskort-med-husnumre-og-P-pladser-Marts-2025-2-768x837.png 768w, https:\/\/aageruphave.dk\/wp-content\/uploads\/2025\/03\/Oversigtskort-med-husnumre-og-P-pladser-Marts-2025-2-1409x1536.png 1409w, https:\/\/aageruphave.dk\/wp-content\/uploads\/2025\/03\/Oversigtskort-med-husnumre-og-P-pladser-Marts-2025-2-1879x2048.png 1879w\" sizes=\"auto, (max-width: 767px) 89vw, (max-width: 1000px) 54vw, (max-width: 1071px) 543px, 580px\" \/><\/figure>\n\n\n\n<p class=\"has-text-align-center has-small-font-size\">Oversigtskort med husnumre (alle numre h\u00f8rer til Bryggerbakken) og hver enkelt boligst\u00f8rrelse samt tilh\u00f8rende parkeringsplads. Se de mere pr\u00e6cise boligst\u00f8rrelser i tabellen l\u00e6ngere nede her p\u00e5 siden.<\/p>\n\n\n\n<hr class=\"wp-block-separator has-alpha-channel-opacity\"\/>\n\n\n\n<figure class=\"wp-block-video\"><video height=\"1080\" style=\"aspect-ratio: 1920 \/ 1080;\" width=\"1920\" controls muted src=\"https:\/\/aageruphave.dk\/wp-content\/uploads\/2022\/11\/AagerupVideoEarth.mp4\" playsinline><\/video><figcaption class=\"wp-element-caption\">\u00c5gerup Have er et naturligt centrum for lokalomr\u00e5det.<\/figcaption><\/figure>\n\n\n\n<p>\u00c5gerup Have er en hyldest til det store f\u00e6llesskab og de sm\u00e5 hyggestunder med naboerne. Hver bolig har plads til havestole og personlig indretning, men man er aldrig l\u00e6ngere v\u00e6k, end at man stadig kan nyde udsigten til hjerterummet og livet i det store naturomr\u00e5de.<\/p>\n\n\n\n<p>Boligerne er indrettet smagfuldt med et l\u00e6kkert Svanek\u00f8kken, gode h\u00e5rde hvidevarer og moderne lavenergivinduer. Varmepumpen er energieffektiv og driver b\u00e5de varmt brugsvand og gulvvarmen. I hver bolig er installeret et moderne genvex-anl\u00e6g, som suger fugtig luft ud fra badev\u00e6relse og k\u00f8kken samt puster frisk luft ind i v\u00e6relser og stue. Varmen i luften bliver genvundet, s\u00e5 boligen affugtes og varmen beholdes. Taget p\u00e5 skuret til hver bolig udg\u00f8res af et moderne solcellepanel, der giver et godt tilskud til elektriciteten i boligen.<\/p>\n\n\n\n<figure class=\"wp-block-image size-large\"><img loading=\"lazy\" decoding=\"async\" width=\"1024\" height=\"576\" src=\"https:\/\/aageruphave.dk\/wp-content\/uploads\/2022\/11\/Aegerup_Haver_1Skur_v3-1024x576.jpg\" alt=\"Kvalitetsmaterialer og h\u00f8jeffektiv isolering skaber et moderne hus med meget lavt behov for vedligeholdelse.\" class=\"wp-image-17\" srcset=\"https:\/\/aageruphave.dk\/wp-content\/uploads\/2022\/11\/Aegerup_Haver_1Skur_v3-1024x576.jpg 1024w, https:\/\/aageruphave.dk\/wp-content\/uploads\/2022\/11\/Aegerup_Haver_1Skur_v3-300x169.jpg 300w, https:\/\/aageruphave.dk\/wp-content\/uploads\/2022\/11\/Aegerup_Haver_1Skur_v3-768x432.jpg 768w, https:\/\/aageruphave.dk\/wp-content\/uploads\/2022\/11\/Aegerup_Haver_1Skur_v3-1536x864.jpg 1536w, https:\/\/aageruphave.dk\/wp-content\/uploads\/2022\/11\/Aegerup_Haver_1Skur_v3-2048x1152.jpg 2048w\" sizes=\"auto, (max-width: 767px) 89vw, (max-width: 1000px) 54vw, (max-width: 1071px) 543px, 580px\" \/><figcaption class=\"wp-element-caption\">Kvalitetsmaterialer og h\u00f8jeffektiv isolering skaber et moderne hus med meget lavt behov for vedligeholdelse.<\/figcaption><\/figure>\n\n\n\n<p>I det store k\u00f8kken\/alrum er der loft til kip. Den geniale lysskakt leverer et fantastisk lysindfald og giver en atmosf\u00e6re af naturen bragt ind i huset.<\/p>\n\n\n<div class=\"wp-block-image\">\n<figure class=\"aligncenter size-large\"><img loading=\"lazy\" decoding=\"async\" width=\"514\" height=\"1080\" src=\"https:\/\/aageruphave.dk\/wp-content\/uploads\/2023\/02\/Skitse-65-m2-514x1080.jpg\" alt=\"65 m2 bolig med stort k\u00f8kken\/alrum og \u00e9t disponibelt rum samt hems\" class=\"wp-image-197\" srcset=\"https:\/\/aageruphave.dk\/wp-content\/uploads\/2023\/02\/Skitse-65-m2-514x1080.jpg 514w, https:\/\/aageruphave.dk\/wp-content\/uploads\/2023\/02\/Skitse-65-m2-143x300.jpg 143w, https:\/\/aageruphave.dk\/wp-content\/uploads\/2023\/02\/Skitse-65-m2-768x1612.jpg 768w, https:\/\/aageruphave.dk\/wp-content\/uploads\/2023\/02\/Skitse-65-m2-732x1536.jpg 732w, https:\/\/aageruphave.dk\/wp-content\/uploads\/2023\/02\/Skitse-65-m2-976x2048.jpg 976w, https:\/\/aageruphave.dk\/wp-content\/uploads\/2023\/02\/Skitse-65-m2-scaled.jpg 1220w\" sizes=\"auto, (max-width: 514px) 100vw, 514px\" \/><figcaption class=\"wp-element-caption\">65 m<sup>2<\/sup> bolig med stort k\u00f8kken\/alrum og \u00e9t disponibelt rum samt hems<\/figcaption><\/figure>\n<\/div>\n\n\n<figure class=\"wp-block-image size-large\"><img loading=\"lazy\" decoding=\"async\" width=\"1641\" height=\"1080\" src=\"https:\/\/aageruphave.dk\/wp-content\/uploads\/2023\/02\/Skitse-65-m2-2-1641x1080.jpg\" alt=\"\" class=\"wp-image-198\" srcset=\"https:\/\/aageruphave.dk\/wp-content\/uploads\/2023\/02\/Skitse-65-m2-2-1641x1080.jpg 1641w, https:\/\/aageruphave.dk\/wp-content\/uploads\/2023\/02\/Skitse-65-m2-2-300x197.jpg 300w, https:\/\/aageruphave.dk\/wp-content\/uploads\/2023\/02\/Skitse-65-m2-2-768x506.jpg 768w, https:\/\/aageruphave.dk\/wp-content\/uploads\/2023\/02\/Skitse-65-m2-2-1536x1011.jpg 1536w, https:\/\/aageruphave.dk\/wp-content\/uploads\/2023\/02\/Skitse-65-m2-2.jpg 1738w\" sizes=\"auto, (max-width: 767px) 89vw, (max-width: 1000px) 54vw, (max-width: 1071px) 543px, 580px\" \/><\/figure>\n\n\n\n<p class=\"has-text-align-center has-small-font-size\">65 m2: K\u00f8kken\/alrum<\/p>\n\n\n\n<figure class=\"wp-block-image size-large\"><img loading=\"lazy\" decoding=\"async\" width=\"1300\" height=\"1080\" src=\"https:\/\/aageruphave.dk\/wp-content\/uploads\/2023\/02\/Skitse-65-m2-3-1300x1080.jpg\" alt=\"\" class=\"wp-image-199\" srcset=\"https:\/\/aageruphave.dk\/wp-content\/uploads\/2023\/02\/Skitse-65-m2-3-1300x1080.jpg 1300w, https:\/\/aageruphave.dk\/wp-content\/uploads\/2023\/02\/Skitse-65-m2-3-300x249.jpg 300w, https:\/\/aageruphave.dk\/wp-content\/uploads\/2023\/02\/Skitse-65-m2-3-768x638.jpg 768w, https:\/\/aageruphave.dk\/wp-content\/uploads\/2023\/02\/Skitse-65-m2-3-1536x1277.jpg 1536w, https:\/\/aageruphave.dk\/wp-content\/uploads\/2023\/02\/Skitse-65-m2-3.jpg 1853w\" sizes=\"auto, (max-width: 767px) 89vw, (max-width: 1000px) 54vw, (max-width: 1071px) 543px, 580px\" \/><\/figure>\n\n\n\n<p class=\"has-text-align-center has-small-font-size\">65 m2: Hyggeligt sofahj\u00f8rne<\/p>\n\n\n\n<p class=\"has-text-align-center has-small-font-size\"><\/p>\n\n\n\n<hr class=\"wp-block-separator has-alpha-channel-opacity\"\/>\n\n\n\n<p>Til hver bolig h\u00f8rer et skur, hvor cykel, rollator eller andet nemt kan s\u00e6ttes af vejen. Taget p\u00e5 skuret udg\u00f8res af moderne solceller, der giver et godt bidrag til at holde elregningen nede.<\/p>\n\n\n\n<figure class=\"wp-block-image size-large\"><img loading=\"lazy\" decoding=\"async\" width=\"708\" height=\"1080\" src=\"https:\/\/aageruphave.dk\/wp-content\/uploads\/2023\/02\/Skiftse-95-m2-708x1080.jpg\" alt=\"\" class=\"wp-image-188\" srcset=\"https:\/\/aageruphave.dk\/wp-content\/uploads\/2023\/02\/Skiftse-95-m2-708x1080.jpg 708w, https:\/\/aageruphave.dk\/wp-content\/uploads\/2023\/02\/Skiftse-95-m2-197x300.jpg 197w, https:\/\/aageruphave.dk\/wp-content\/uploads\/2023\/02\/Skiftse-95-m2-768x1172.jpg 768w, https:\/\/aageruphave.dk\/wp-content\/uploads\/2023\/02\/Skiftse-95-m2-1007x1536.jpg 1007w, https:\/\/aageruphave.dk\/wp-content\/uploads\/2023\/02\/Skiftse-95-m2-1342x2048.jpg 1342w, https:\/\/aageruphave.dk\/wp-content\/uploads\/2023\/02\/Skiftse-95-m2-scaled.jpg 1678w\" sizes=\"auto, (max-width: 708px) 100vw, 708px\" \/><\/figure>\n\n\n\n<p class=\"has-text-align-center has-small-font-size\">95 m<sup>2<\/sup> bolig med stort k\u00f8kken\/alrum og 2 disponible rum samt hems<\/p>\n\n\n\n<figure class=\"wp-block-image size-large\"><img loading=\"lazy\" decoding=\"async\" width=\"1092\" height=\"1080\" src=\"https:\/\/aageruphave.dk\/wp-content\/uploads\/2023\/02\/Skiftse-95-m2-4-1-1092x1080.jpg\" alt=\"\" class=\"wp-image-195\" srcset=\"https:\/\/aageruphave.dk\/wp-content\/uploads\/2023\/02\/Skiftse-95-m2-4-1-1092x1080.jpg 1092w, https:\/\/aageruphave.dk\/wp-content\/uploads\/2023\/02\/Skiftse-95-m2-4-1-300x297.jpg 300w, https:\/\/aageruphave.dk\/wp-content\/uploads\/2023\/02\/Skiftse-95-m2-4-1-768x760.jpg 768w, https:\/\/aageruphave.dk\/wp-content\/uploads\/2023\/02\/Skiftse-95-m2-4-1-100x100.jpg 100w, https:\/\/aageruphave.dk\/wp-content\/uploads\/2023\/02\/Skiftse-95-m2-4-1.jpg 1515w\" sizes=\"auto, (max-width: 767px) 89vw, (max-width: 1000px) 54vw, (max-width: 1071px) 543px, 580px\" \/><\/figure>\n\n\n\n<p class=\"has-text-align-center has-small-font-size\">95m: K\u00f8kken\/alrum<\/p>\n\n\n\n<figure class=\"wp-block-image size-large\"><img loading=\"lazy\" decoding=\"async\" width=\"979\" height=\"1080\" src=\"https:\/\/aageruphave.dk\/wp-content\/uploads\/2023\/02\/Skiftse-95-m2-3-1-979x1080.jpg\" alt=\"\" class=\"wp-image-194\" srcset=\"https:\/\/aageruphave.dk\/wp-content\/uploads\/2023\/02\/Skiftse-95-m2-3-1-979x1080.jpg 979w, https:\/\/aageruphave.dk\/wp-content\/uploads\/2023\/02\/Skiftse-95-m2-3-1-272x300.jpg 272w, https:\/\/aageruphave.dk\/wp-content\/uploads\/2023\/02\/Skiftse-95-m2-3-1-768x848.jpg 768w, https:\/\/aageruphave.dk\/wp-content\/uploads\/2023\/02\/Skiftse-95-m2-3-1.jpg 1225w\" sizes=\"auto, (max-width: 767px) 89vw, (max-width: 1000px) 54vw, (max-width: 1071px) 543px, 580px\" \/><\/figure>\n\n\n\n<p class=\"has-text-align-center has-small-font-size\">95 m2: Disponibelt v\u00e6relse<\/p>\n\n\n<div class=\"wp-block-image\">\n<figure class=\"aligncenter size-full\"><img loading=\"lazy\" decoding=\"async\" width=\"1193\" height=\"1020\" src=\"https:\/\/aageruphave.dk\/wp-content\/uploads\/2023\/02\/Skiftse-95-m2-5-1.jpg\" alt=\"\" class=\"wp-image-196\" srcset=\"https:\/\/aageruphave.dk\/wp-content\/uploads\/2023\/02\/Skiftse-95-m2-5-1.jpg 1193w, https:\/\/aageruphave.dk\/wp-content\/uploads\/2023\/02\/Skiftse-95-m2-5-1-300x256.jpg 300w, https:\/\/aageruphave.dk\/wp-content\/uploads\/2023\/02\/Skiftse-95-m2-5-1-768x657.jpg 768w\" sizes=\"auto, (max-width: 767px) 89vw, (max-width: 1000px) 54vw, (max-width: 1071px) 543px, 580px\" \/><\/figure>\n<\/div>\n\n\n<p class=\"has-text-align-center has-small-font-size\">95 m2: sovev\u00e6relse<\/p>\n\n\n\n<hr class=\"wp-block-separator has-alpha-channel-opacity\"\/>\n\n\n\n<p><strong>Data<\/strong><\/p>\n\n\n\n<ul class=\"wp-block-list\">\n<li>Sted:&nbsp;Bryggerbakken 8-31, \u00c5gerup, 4000 Roskilde<br>Matrikelnummer 9Y \u00c5gerup By, \u00c5gerup (oprindeligt)<\/li>\n\n\n\n<li>Grund:&nbsp;7.545 m<sup>2<\/sup><\/li>\n\n\n\n<li>Byggeprocent: 30<\/li>\n\n\n\n<li>Bebygget areal:&nbsp;1.900 m<sup>2<\/sup> (1.725 m<sup>2<\/sup> etageareal fordelt p\u00e5 ~65\/~95 m<sup>2<\/sup> boliger)<\/li>\n\n\n\n<li>Hertil f\u00e6lleshus p\u00e5 175 m<sup>2<\/sup><\/li>\n\n\n\n<li>Type:&nbsp;Boliger, t\u00e6t-lav bebyggelse<\/li>\n\n\n\n<li>M\u00e5lgruppe:&nbsp;Alle, men <strong>specielt egnet til seniorer (45+)<\/strong><\/li>\n\n\n\n<li>Beliggenhed:&nbsp;Centralt i \u00c5gerup, t\u00e6t p\u00e5 offentlig transport, bibliotek og butikscenter<br><br><strong>Boliger<\/strong><br>\n\n\n\n\n\n\n\n\n\n\n\n<\/li>\n\n\n\n<li>Boligst\u00f8rrelser:<br>Bryggerbakken 10: 93 m<sup>2<\/sup><br>Bryggerbakken 11:  92 m<sup>2<\/sup><br>Bryggerbakken 12: 94 m<sup>2<\/sup><br>Bryggerbakken 13: 94 m<sup>2<\/sup><br>Bryggerbakken 14: 63 m2<br>Bryggerbakken 15: 93 m2<br>Bryggerbakken 16: 94 m<sup>2<\/sup><br>Bryggerbakken 17: 63 m<sup>2<\/sup><br>Bryggerbakken 18: 63 m2<br>Bryggerbakken 19: 65 m<sup>2<\/sup><br>Bryggerbakken 20: 94 m<sup>2<\/sup><br>Bryggerbakken 21: 63 m<sup>2<\/sup><br>Bryggerbakken 22: 93 m<sup>2<\/sup><br>Bryggerbakken 23: 94 m<sup>2<\/sup><br>Bryggerbakken 24: 63 m<sup>2<\/sup><br>Bryggerbakken 25: 65 m<sup>2<\/sup><br>Bryggerbakken 26: 65 m<sup>2<\/sup><br>Bryggerbakken 27: 93 m<sup>2<\/sup><br>Bryggerbakken 28: 93 m<sup>2<\/sup><br>Bryggerbakken 29: 92 m<sup>2<\/sup><br>Bryggerbakken 30: 94 m<sup>2<\/sup><br><em>OBS: Endelig st\u00f8rrelse fastl\u00e6gges af landm\u00e5leren ved udmatrikuleringen.<\/em><\/li>\n\n\n\n<li>Antal:&nbsp;21 r\u00e6kkehuse&nbsp;&nbsp;<\/li>\n\n\n\n<li>Hertil 1 f\u00e6lleshus p\u00e5 175 m<sup>2<\/sup><\/li>\n\n\n\n<li>Konstruktion:&nbsp;Porrebeton med yderlag af bl\u00f8dstr\u00f8gne mursten og 190 mm isolering<\/li>\n\n\n\n<li>Skillev\u00e6gge 100 mm porrebeton<\/li>\n\n\n\n<li>Sadeltag med st\u00e5ltrapezplader og 450 + 95 mm isolering<\/li>\n\n\n\n<li>Facader af TS Thermowood, gavle af vandskurede mursten<\/li>\n\n\n\n<li>Skr\u00e5loft 20 grader i stue, k\u00f8kken\/alrum og over hems<\/li>\n\n\n\n<li>Ovenlysskakt<\/li>\n\n\n\n<li>Hems over toiletkerne<\/li>\n\n\n\n<li>Opvarmning:&nbsp;Luft-til-vand varmepumpe med gulvvarme i hele boligen og tr\u00e5dl\u00f8s styring<\/li>\n\n\n\n<li>Suppl. energikilde:&nbsp;Solcelle (1,2 KWp med 1 KW inverter)<\/li>\n\n\n\n<li>Ventilation: Nilan Comfort 200 med affugtning og varmegenvinding<\/li>\n\n\n\n<li>Indretning ~65 m<sup>2<\/sup>:&nbsp;K\u00f8kken-alrum i \u00e9t med stue, toilet\/bad og 1 v\u00e6relse samt skur<\/li>\n\n\n\n<li>Indretning ~95 m<sup>2<\/sup>:&nbsp;K\u00f8kken-alrum i \u00e9t med stue, toilet\/bad og 2 v\u00e6relser samt skur<\/li>\n\n\n\n<li>K\u00f8kken:&nbsp;Elementer fra Svanek\u00f8kken<\/li>\n\n\n\n<li>H\u00e5rde hvidevarer fra Siemens\/Bosch (keramisk kogeplade, indbygningsovn, opvaskemaskine, emh\u00e6tte, integreret k\u00f8l\/frys)<\/li>\n\n\n\n<li>Bad:&nbsp;V\u00e6gh\u00e6ngt toilet<\/li>\n\n\n\n<li>Brusehj\u00f8rne med \u201dfrostet\u201d glasv\u00e6g<\/li>\n\n\n\n<li>Vaskemaskine og kondenst\u00f8rretumbler fra Siemens\/Bosch<\/li>\n\n\n\n<li>Gulve:&nbsp;Timbermann vinylplank Dakota Oak (badev\u00e6relse: fliser)<\/li>\n\n\n\n<li>Vinduer:&nbsp;Velfac Ribo 3-lags m\/tr\u00e6\/alu<\/li>\n\n\n\n<li>Ovenlysvindue i lysskakt er Velux m\/el-\u00e5bning<\/li>\n\n\n\n<li>D\u00f8re:&nbsp;Velfac m\/glasrude i bryggersd\u00f8r og sparkeplade p\u00e5 begge d\u00f8re<\/li>\n\n\n\n<li>Skur:&nbsp;5-6 m<sup>2<\/sup> med TS Thermowood-bekl\u00e6dning og flisebel\u00e6gning som gulv<\/li>\n\n\n\n<li>Parkering:&nbsp;1 fast P-plads per bolig med mulighed for installation af EL-ladestander<\/li>\n\n\n\n<li>Hertil g\u00e6steparkeringspladser<\/li>\n<\/ul>\n\n\n\n<figure class=\"wp-block-video\"><video height=\"1080\" style=\"aspect-ratio: 1920 \/ 1080;\" width=\"1920\" controls src=\"https:\/\/aageruphave.dk\/wp-content\/uploads\/2022\/11\/AagerupFlyBy.mp4\"><\/video><figcaption class=\"wp-element-caption\">Byggepladsen medio november 2022<\/figcaption><\/figure>\n\n\n\n<p>Bebyggelsen best\u00e5r af 21 r\u00e6kkehuse, samlet i blokke p\u00e5 2-3 enheder. Alle blokke ligger rundt om det hyggelige Hjerterum, som hurtigt bliver det centrale samlingspunkt for stort og sm\u00e5t &#8211; bist\u00e5et af det store f\u00e6lleshus med b\u00e5de aktivitetsrum, &#8220;gildesal&#8221; og beboerhotel.<\/p>\n\n\n<div class=\"wp-block-image is-style-default\">\n<figure class=\"aligncenter size-large is-resized\"><img loading=\"lazy\" decoding=\"async\" width=\"1024\" height=\"767\" src=\"https:\/\/aageruphave.dk\/wp-content\/uploads\/2022\/11\/AagerupByggeskal-1024x767.jpg\" alt=\"Et luftfoto inden taget kommer p\u00e5.\" class=\"wp-image-54\" style=\"width:512px;height:384px\" srcset=\"https:\/\/aageruphave.dk\/wp-content\/uploads\/2022\/11\/AagerupByggeskal-1024x767.jpg 1024w, https:\/\/aageruphave.dk\/wp-content\/uploads\/2022\/11\/AagerupByggeskal-300x225.jpg 300w, https:\/\/aageruphave.dk\/wp-content\/uploads\/2022\/11\/AagerupByggeskal-768x576.jpg 768w, https:\/\/aageruphave.dk\/wp-content\/uploads\/2022\/11\/AagerupByggeskal-1536x1151.jpg 1536w, https:\/\/aageruphave.dk\/wp-content\/uploads\/2022\/11\/AagerupByggeskal-2048x1535.jpg 2048w\" sizes=\"auto, (max-width: 767px) 89vw, (max-width: 1000px) 54vw, (max-width: 1071px) 543px, 580px\" \/><figcaption class=\"wp-element-caption\">Et luftfoto inden taget kommer p\u00e5.<\/figcaption><\/figure>\n<\/div>","protected":false},"excerpt":{"rendered":"<p>De enkelte boliger er store nok til at rumme \u00e9n eller to beboere, og p\u00e5 den store hems er der god plads til b\u00f8rneb\u00f8rnenes leg og sovepladser. Alternativt kan det benyttes som indend\u00f8rs pulterrum. Oversigtskort med husnumre (alle numre h\u00f8rer til Bryggerbakken) og hver enkelt boligst\u00f8rrelse samt tilh\u00f8rende parkeringsplads. Se de mere pr\u00e6cise boligst\u00f8rrelser i &hellip; <\/p>\n<p class=\"link-more\"><a href=\"https:\/\/aageruphave.dk\/?page_id=32\" class=\"more-link\">L\u00e6s videre<span class=\"screen-reader-text\"> &#8220;Boligerne&#8221;<\/span><\/a><\/p>\n","protected":false},"author":1,"featured_media":0,"parent":0,"menu_order":0,"comment_status":"closed","ping_status":"closed","template":"","meta":{"footnotes":""},"class_list":["post-32","page","type-page","status-publish","hentry"],"_links":{"self":[{"href":"https:\/\/aageruphave.dk\/index.php?rest_route=\/wp\/v2\/pages\/32","targetHints":{"allow":["GET"]}}],"collection":[{"href":"https:\/\/aageruphave.dk\/index.php?rest_route=\/wp\/v2\/pages"}],"about":[{"href":"https:\/\/aageruphave.dk\/index.php?rest_route=\/wp\/v2\/types\/page"}],"author":[{"embeddable":true,"href":"https:\/\/aageruphave.dk\/index.php?rest_route=\/wp\/v2\/users\/1"}],"replies":[{"embeddable":true,"href":"https:\/\/aageruphave.dk\/index.php?rest_route=%2Fwp%2Fv2%2Fcomments&post=32"}],"version-history":[{"count":46,"href":"https:\/\/aageruphave.dk\/index.php?rest_route=\/wp\/v2\/pages\/32\/revisions"}],"predecessor-version":[{"id":671,"href":"https:\/\/aageruphave.dk\/index.php?rest_route=\/wp\/v2\/pages\/32\/revisions\/671"}],"wp:attachment":[{"href":"https:\/\/aageruphave.dk\/index.php?rest_route=%2Fwp%2Fv2%2Fmedia&parent=32"}],"curies":[{"name":"wp","href":"https:\/\/api.w.org\/{rel}","templated":true}]}}